{"id":725,"date":"2022-11-24T09:58:11","date_gmt":"2022-11-24T09:58:11","guid":{"rendered":"https:\/\/apartments-klara.com\/?page_id=725"},"modified":"2022-12-20T12:06:19","modified_gmt":"2022-12-20T12:06:19","slug":"viganj","status":"publish","type":"page","link":"https:\/\/apartments-klara.com\/hr\/viganj\/","title":{"rendered":"Viganj"},"content":{"rendered":"<div data-elementor-type=\"wp-post\" data-elementor-id=\"725\" class=\"elementor elementor-725\">\n\t\t\t\t\t\t\t\t\t<section class=\"elementor-section elementor-top-section elementor-element elementor-element-bbf904a elementor-section-content-middle elementor-section-height-min-height elementor-section-boxed elementor-section-height-default elementor-section-items-middle\" data-id=\"bbf904a\" data-element_type=\"section\" data-settings=\"{&quot;background_background&quot;:&quot;classic&quot;,&quot;_ha_eqh_enable&quot;:false}\">\n\t\t\t\t\t\t\t<div class=\"elementor-background-overlay\"><\/div>\n\t\t\t\t\t\t\t<div class=\"elementor-container elementor-column-gap-no\">\n\t\t\t\t\t<div class=\"elementor-column elementor-col-100 elementor-top-column elementor-element elementor-element-401f620\" data-id=\"401f620\" data-element_type=\"column\">\n\t\t\t<div class=\"elementor-widget-wrap elementor-element-populated\">\n\t\t\t\t\t\t\t\t<div class=\"elementor-element elementor-element-def3ca5 elementor-widget elementor-widget-heading\" data-id=\"def3ca5\" data-element_type=\"widget\" data-widget_type=\"heading.default\">\n\t\t\t\t<div class=\"elementor-widget-container\">\n\t\t\t<style>\/*! elementor - v3.8.1 - 13-11-2022 *\/\n.elementor-heading-title{padding:0;margin:0;line-height:1}.elementor-widget-heading .elementor-heading-title[class*=elementor-size-]>a{color:inherit;font-size:inherit;line-height:inherit}.elementor-widget-heading .elementor-heading-title.elementor-size-small{font-size:15px}.elementor-widget-heading .elementor-heading-title.elementor-size-medium{font-size:19px}.elementor-widget-heading .elementor-heading-title.elementor-size-large{font-size:29px}.elementor-widget-heading .elementor-heading-title.elementor-size-xl{font-size:39px}.elementor-widget-heading .elementor-heading-title.elementor-size-xxl{font-size:59px}<\/style><h1 class=\"elementor-heading-title elementor-size-default\">VIGANJ<\/h1>\t\t<\/div>\n\t\t\t\t<\/div>\n\t\t\t\t\t<\/div>\n\t\t<\/div>\n\t\t\t\t\t\t\t<\/div>\n\t\t<\/section>\n\t\t\t\t<section class=\"elementor-section elementor-top-section elementor-element elementor-element-69d881c elementor-section-content-middle elementor-section-boxed elementor-section-height-default elementor-section-height-default\" data-id=\"69d881c\" data-element_type=\"section\" data-settings=\"{&quot;_ha_eqh_enable&quot;:false}\">\n\t\t\t\t\t\t<div class=\"elementor-container elementor-column-gap-no\">\n\t\t\t\t\t<div class=\"elementor-column elementor-col-100 elementor-top-column elementor-element elementor-element-05ac877\" data-id=\"05ac877\" data-element_type=\"column\">\n\t\t\t<div class=\"elementor-widget-wrap elementor-element-populated\">\n\t\t\t\t\t\t\t\t<div class=\"elementor-element elementor-element-7e7230d elementor-widget elementor-widget-heading\" data-id=\"7e7230d\" data-element_type=\"widget\" data-widget_type=\"heading.default\">\n\t\t\t\t<div class=\"elementor-widget-container\">\n\t\t\t<h2 class=\"elementor-heading-title elementor-size-default\">Maleno mjesto s bogatom pro\u0161lo\u0161\u0107u<\/h2>\t\t<\/div>\n\t\t\t\t<\/div>\n\t\t\t\t<section class=\"elementor-section elementor-inner-section elementor-element elementor-element-bddccf8 elementor-section-content-top elementor-section-boxed elementor-section-height-default elementor-section-height-default\" data-id=\"bddccf8\" data-element_type=\"section\" data-settings=\"{&quot;_ha_eqh_enable&quot;:false}\">\n\t\t\t\t\t\t\t<div class=\"elementor-background-overlay\"><\/div>\n\t\t\t\t\t\t\t<div class=\"elementor-container elementor-column-gap-no\">\n\t\t\t\t\t<div class=\"elementor-column elementor-col-100 elementor-inner-column elementor-element elementor-element-8ddfd24\" data-id=\"8ddfd24\" data-element_type=\"column\">\n\t\t\t<div class=\"elementor-widget-wrap elementor-element-populated\">\n\t\t\t\t\t\t\t\t<div class=\"elementor-element elementor-element-e2b4b60 elementor-widget elementor-widget-text-editor\" data-id=\"e2b4b60\" data-element_type=\"widget\" data-widget_type=\"text-editor.default\">\n\t\t\t\t<div class=\"elementor-widget-container\">\n\t\t\t<style>\/*! elementor - v3.8.1 - 13-11-2022 *\/\n.elementor-widget-text-editor.elementor-drop-cap-view-stacked .elementor-drop-cap{background-color:#818a91;color:#fff}.elementor-widget-text-editor.elementor-drop-cap-view-framed .elementor-drop-cap{color:#818a91;border:3px solid;background-color:transparent}.elementor-widget-text-editor:not(.elementor-drop-cap-view-default) .elementor-drop-cap{margin-top:8px}.elementor-widget-text-editor:not(.elementor-drop-cap-view-default) .elementor-drop-cap-letter{width:1em;height:1em}.elementor-widget-text-editor .elementor-drop-cap{float:left;text-align:center;line-height:1;font-size:50px}.elementor-widget-text-editor .elementor-drop-cap-letter{display:inline-block}<\/style>\t\t\t\t<p>Viganj se nalazi na ju\u017enoj strani poluotoka Pelje\u0161ca.<\/p><p>Mediteranska klima i maestral koji ovdje pu\u0161e gotovo svakodnevno svrstali su Viganj u najatraktivnije mjesto za windsurfere i kitesurfere. Maestral je zapadni vjetar umjerene snage koji je odli\u010dan za surfanje, a kupa\u010dima ubla\u017eava ljetne vru\u0107ine.<\/p><p>Ukoliko se odlu\u010dite za surfanje u Vignju ovdje postoje \u010dak tri \u0161kole windsurfinga i kitesurfinga, gdje mo\u017eete iznajmiti opremu za surfanje, SUP, kayak ili bicikl.<\/p><p>Za dane kada se \u017eelite odmoriti od surfanja imate brojne opcije kao \u0161to su planinarenje na Sv.Iliju (961mNV), brdski biciklizam ili pje\u0161a\u010denje. Sve informacije (opise staza, fotke i gpx) mo\u017eete vidjeti na web stranici www.peljesacoutdoor.hr. <a href=\"http:\/\/www.peljesacoutdoor.hr\">www.peljesacoutdoor.hr<\/a>.<\/p><p>Pelje\u0161ac je poznat po vinarstvu i gastro ponudi. Viganj i okolna mjesta odu\u0161evit \u0107e vas raznolikom ponudom tradicionalnih restorana i konoba.<\/p><p>Viganj je izvrsna baza ukoliko po\u017eelite i\u0107i na izlet. Biser Jadran \u2013 Dubrovnik udaljen je svega sat i pol vo\u017enje, Mostar (BIH) dva sata vo\u017enje, a s Pelje\u0161ca voze trajekti na otok Mljet (nacionalni park) poznat i kao Odisejev otok, te otok Marka Pola - Kor\u010dulu.<\/p><p>Putovanje na Pelje\u0161ac je od 2022. znatno br\u017ee od kada je u promet pu\u0161ten most koji Pelje\u0161ac spaja s kopnom kod Komarne. Najbli\u017ea zra\u010dna luka je u Dubrovniku, udaljena dva sata vo\u017enje, a Splitska zra\u010dna luka tri sata.<\/p>\t\t\t\t\t\t<\/div>\n\t\t\t\t<\/div>\n\t\t\t\t<div class=\"elementor-element elementor-element-2e88f68 elementor-widget elementor-widget-spacer\" data-id=\"2e88f68\" data-element_type=\"widget\" data-widget_type=\"spacer.default\">\n\t\t\t\t<div class=\"elementor-widget-container\">\n\t\t\t<style>\/*! elementor - v3.8.1 - 13-11-2022 *\/\n.elementor-column .elementor-spacer-inner{height:var(--spacer-size)}.e-con{--container-widget-width:100%}.e-con-inner>.elementor-widget-spacer,.e-con>.elementor-widget-spacer{width:var(--container-widget-width,var(--spacer-size));-ms-flex-item-align:stretch;align-self:stretch;-ms-flex-negative:0;flex-shrink:0}.e-con-inner>.elementor-widget-spacer>.elementor-widget-container,.e-con-inner>.elementor-widget-spacer>.elementor-widget-container>.elementor-spacer,.e-con>.elementor-widget-spacer>.elementor-widget-container,.e-con>.elementor-widget-spacer>.elementor-widget-container>.elementor-spacer{height:100%}.e-con-inner>.elementor-widget-spacer>.elementor-widget-container>.elementor-spacer>.elementor-spacer-inner,.e-con>.elementor-widget-spacer>.elementor-widget-container>.elementor-spacer>.elementor-spacer-inner{height:var(--container-widget-height,var(--spacer-size))}<\/style>\t\t<div class=\"elementor-spacer\">\n\t\t\t<div class=\"elementor-spacer-inner\"><\/div>\n\t\t<\/div>\n\t\t\t\t<\/div>\n\t\t\t\t<\/div>\n\t\t\t\t<div class=\"elementor-element elementor-element-c9ed63f elementor-aspect-ratio-169 elementor-widget elementor-widget-video\" data-id=\"c9ed63f\" data-element_type=\"widget\" data-settings=\"{&quot;youtube_url&quot;:&quot;https:\\\/\\\/www.youtube.com\\\/watch?v=wi41AGWGM7o&amp;t=6s&quot;,&quot;loop&quot;:&quot;yes&quot;,&quot;video_type&quot;:&quot;youtube&quot;,&quot;aspect_ratio&quot;:&quot;169&quot;}\" data-widget_type=\"video.default\">\n\t\t\t\t<div class=\"elementor-widget-container\">\n\t\t\t<style>\/*! elementor - v3.8.1 - 13-11-2022 *\/\n.elementor-widget-video .elementor-widget-container{overflow:hidden;-webkit-transform:translateZ(0);transform:translateZ(0)}.elementor-widget-video .elementor-open-inline .elementor-custom-embed-image-overlay{position:absolute;top:0;left:0;width:100%;height:100%;background-size:cover;background-position:50%}.elementor-widget-video .elementor-custom-embed-image-overlay{cursor:pointer;text-align:center}.elementor-widget-video .elementor-custom-embed-image-overlay:hover .elementor-custom-embed-play i{opacity:1}.elementor-widget-video .elementor-custom-embed-image-overlay img{display:block;width:100%}.elementor-widget-video .e-hosted-video .elementor-video{-o-object-fit:cover;object-fit:cover}.e-con-inner>.elementor-widget-video,.e-con>.elementor-widget-video{width:var(--container-widget-width,100%)}<\/style>\t\t<div class=\"elementor-wrapper elementor-fit-aspect-ratio elementor-open-inline\">\n\t\t\t<div class=\"elementor-video\"><\/div>\t\t<\/div>\n\t\t\t\t<\/div>\n\t\t\t\t<\/div>\n\t\t\t\t<section class=\"elementor-section elementor-inner-section elementor-element elementor-element-a6e7bd7 elementor-section-boxed elementor-section-height-default elementor-section-height-default\" data-id=\"a6e7bd7\" data-element_type=\"section\" data-settings=\"{&quot;_ha_eqh_enable&quot;:false}\">\n\t\t\t\t\t\t<div class=\"elementor-container elementor-column-gap-default\">\n\t\t\t\t\t<div class=\"elementor-column elementor-col-100 elementor-inner-column elementor-element elementor-element-21eb906\" data-id=\"21eb906\" data-element_type=\"column\">\n\t\t\t<div class=\"elementor-widget-wrap\">\n\t\t\t\t\t\t\t\t\t<\/div>\n\t\t<\/div>\n\t\t\t\t\t\t\t<\/div>\n\t\t<\/section>\n\t\t\t\t\t<\/div>\n\t\t<\/div>\n\t\t\t\t\t\t\t<\/div>\n\t\t<\/section>\n\t\t\t\t\t<\/div>\n\t\t<\/div>\n\t\t\t\t\t\t\t<\/div>\n\t\t<\/section>\n\t\t\t\t<section class=\"elementor-section elementor-top-section elementor-element elementor-element-2ce5004 elementor-section-content-middle elementor-section-boxed elementor-section-height-default elementor-section-height-default\" data-id=\"2ce5004\" data-element_type=\"section\" data-settings=\"{&quot;background_background&quot;:&quot;classic&quot;,&quot;_ha_eqh_enable&quot;:false}\">\n\t\t\t\t\t\t<div class=\"elementor-container elementor-column-gap-default\">\n\t\t\t\t\t<div class=\"elementor-column elementor-col-50 elementor-top-column elementor-element elementor-element-de23f45\" data-id=\"de23f45\" data-element_type=\"column\">\n\t\t\t<div class=\"elementor-widget-wrap elementor-element-populated\">\n\t\t\t\t\t\t\t\t<div class=\"elementor-element elementor-element-aca2d6b elementor-widget elementor-widget-heading\" data-id=\"aca2d6b\" data-element_type=\"widget\" data-widget_type=\"heading.default\">\n\t\t\t\t<div class=\"elementor-widget-container\">\n\t\t\t<h3 class=\"elementor-heading-title elementor-size-default\">Ne ustru\u010davajte se postaviti nam bilo kakvo pitanje...<\/h3>\t\t<\/div>\n\t\t\t\t<\/div>\n\t\t\t\t\t<\/div>\n\t\t<\/div>\n\t\t\t\t<div class=\"elementor-column elementor-col-50 elementor-top-column elementor-element elementor-element-430a486\" data-id=\"430a486\" data-element_type=\"column\">\n\t\t\t<div class=\"elementor-widget-wrap elementor-element-populated\">\n\t\t\t\t\t\t\t\t<div class=\"elementor-element elementor-element-808beed elementor-align-right elementor-mobile-align-center elementor-widget elementor-widget-button\" data-id=\"808beed\" data-element_type=\"widget\" data-widget_type=\"button.default\">\n\t\t\t\t<div class=\"elementor-widget-container\">\n\t\t\t\t\t<div class=\"elementor-button-wrapper\">\n\t\t\t<a href=\"https:\/\/apartments-klara.com\/hr\/contact\/\" class=\"elementor-button-link elementor-button elementor-size-sm\" role=\"button\">\n\t\t\t\t\t\t<span class=\"elementor-button-content-wrapper\">\n\t\t\t\t\t\t<span class=\"elementor-button-text\">Kontaktirajte nas<\/span>\n\t\t<\/span>\n\t\t\t\t\t<\/a>\n\t\t<\/div>\n\t\t\t\t<\/div>\n\t\t\t\t<\/div>\n\t\t\t\t\t<\/div>\n\t\t<\/div>\n\t\t\t\t\t\t\t<\/div>\n\t\t<\/section>\n\t\t\t\t\t\t\t<\/div>","protected":false},"excerpt":{"rendered":"<p>VIGANJ A Small Place With A Big Story Viganj is located on the southern side of the Pelje\u0161ac peninsula. The Mediterranean climate and the maestral that blows here almost every day have made Viganj on of the most attractive place for windsurfers and kitesurfers. Maestral is a westerly wind of moderate strength, which is great &hellip;<\/p>\n<p class=\"read-more\"> <a class=\"\" href=\"https:\/\/apartments-klara.com\/hr\/viganj\/\"> <span class=\"screen-reader-text\">Viganj<\/span> Read More &raquo;<\/a><\/p>","protected":false},"author":1,"featured_media":0,"parent":0,"menu_order":0,"comment_status":"closed","ping_status":"closed","template":"","meta":{"_mi_skip_tracking":false,"site-sidebar-layout":"no-sidebar","site-content-layout":"page-builder","ast-global-header-display":"","ast-main-header-display":"","ast-hfb-above-header-display":"","ast-hfb-below-header-display":"","ast-hfb-mobile-header-display":"","site-post-title":"disabled","ast-breadcrumbs-content":"","ast-featured-img":"disabled","footer-sml-layout":"","theme-transparent-header-meta":"enabled","adv-header-id-meta":"","stick-header-meta":"","header-above-stick-meta":"","header-main-stick-meta":"","header-below-stick-meta":""},"yoast_head":"<!-- This site is optimized with the Yoast SEO plugin v19.13 - https:\/\/yoast.com\/wordpress\/plugins\/seo\/ -->\n<title>Viganj - Apartments Klara Pelje\u0161ac<\/title>\n<meta name=\"description\" content=\"Viganj is located on the southern side of the Pelje\u0161ac peninsula. If you decide to go surfing in Viganj, there are as many as three windsurfing and kitesurfing schools here...\" \/>\n<meta name=\"robots\" content=\"index, follow, max-snippet:-1, max-image-preview:large, max-video-preview:-1\" \/>\n<link rel=\"canonical\" href=\"https:\/\/apartments-klara.com\/hr\/viganj\/\" \/>\n<meta property=\"og:locale\" content=\"hr_HR\" \/>\n<meta property=\"og:type\" content=\"article\" \/>\n<meta property=\"og:title\" content=\"Viganj - Apartments Klara Pelje\u0161ac\" \/>\n<meta property=\"og:description\" content=\"Viganj is located on the southern side of the Pelje\u0161ac peninsula. If you decide to go surfing in Viganj, there are as many as three windsurfing and kitesurfing schools here...\" \/>\n<meta property=\"og:url\" content=\"https:\/\/apartments-klara.com\/hr\/viganj\/\" \/>\n<meta property=\"og:site_name\" content=\"Apartments Klara Pelje\u0161ac\" \/>\n<meta property=\"article:modified_time\" content=\"2022-12-20T12:06:19+00:00\" \/>\n<meta name=\"twitter:card\" content=\"summary_large_image\" \/>\n<meta name=\"twitter:label1\" content=\"Procijenjeno vrijeme \u010ditanja\" \/>\n\t<meta name=\"twitter:data1\" content=\"2 minute\" \/>\n<script type=\"application\/ld+json\" class=\"yoast-schema-graph\">{\"@context\":\"https:\/\/schema.org\",\"@graph\":[{\"@type\":\"WebPage\",\"@id\":\"https:\/\/apartments-klara.com\/viganj\/\",\"url\":\"https:\/\/apartments-klara.com\/viganj\/\",\"name\":\"Viganj - Apartments Klara Pelje\u0161ac\",\"isPartOf\":{\"@id\":\"https:\/\/apartments-klara.com\/#website\"},\"datePublished\":\"2022-11-24T09:58:11+00:00\",\"dateModified\":\"2022-12-20T12:06:19+00:00\",\"description\":\"Viganj is located on the southern side of the Pelje\u0161ac peninsula. If you decide to go surfing in Viganj, there are as many as three windsurfing and kitesurfing schools here...\",\"breadcrumb\":{\"@id\":\"https:\/\/apartments-klara.com\/viganj\/#breadcrumb\"},\"inLanguage\":\"hr\",\"potentialAction\":[{\"@type\":\"ReadAction\",\"target\":[\"https:\/\/apartments-klara.com\/viganj\/\"]}]},{\"@type\":\"BreadcrumbList\",\"@id\":\"https:\/\/apartments-klara.com\/viganj\/#breadcrumb\",\"itemListElement\":[{\"@type\":\"ListItem\",\"position\":1,\"name\":\"Home\",\"item\":\"https:\/\/apartments-klara.com\/\"},{\"@type\":\"ListItem\",\"position\":2,\"name\":\"Viganj\"}]},{\"@type\":\"WebSite\",\"@id\":\"https:\/\/apartments-klara.com\/#website\",\"url\":\"https:\/\/apartments-klara.com\/\",\"name\":\"Apartments Klara Pelje\u0161ac\",\"description\":\"Apartments Viganj Pelje\u0161ac\",\"publisher\":{\"@id\":\"https:\/\/apartments-klara.com\/#organization\"},\"potentialAction\":[{\"@type\":\"SearchAction\",\"target\":{\"@type\":\"EntryPoint\",\"urlTemplate\":\"https:\/\/apartments-klara.com\/?s={search_term_string}\"},\"query-input\":\"required name=search_term_string\"}],\"inLanguage\":\"hr\"},{\"@type\":\"Organization\",\"@id\":\"https:\/\/apartments-klara.com\/#organization\",\"name\":\"Apartments Klara Pelje\u0161ac\",\"url\":\"https:\/\/apartments-klara.com\/\",\"logo\":{\"@type\":\"ImageObject\",\"inLanguage\":\"hr\",\"@id\":\"https:\/\/apartments-klara.com\/#\/schema\/logo\/image\/\",\"url\":\"https:\/\/apartments-klara.com\/wp-content\/uploads\/2022\/12\/Apartments-Klara-Logo-1.webp\",\"contentUrl\":\"https:\/\/apartments-klara.com\/wp-content\/uploads\/2022\/12\/Apartments-Klara-Logo-1.webp\",\"width\":221,\"height\":190,\"caption\":\"Apartments Klara Pelje\u0161ac\"},\"image\":{\"@id\":\"https:\/\/apartments-klara.com\/#\/schema\/logo\/image\/\"}}]}<\/script>\n<!-- \/ Yoast SEO plugin. -->","yoast_head_json":{"title":"Viganj - Apartments Klara Pelje\u0161ac","description":"Viganj is located on the southern side of the Pelje\u0161ac peninsula. If you decide to go surfing in Viganj, there are as many as three windsurfing and kitesurfing schools here...","robots":{"index":"index","follow":"follow","max-snippet":"max-snippet:-1","max-image-preview":"max-image-preview:large","max-video-preview":"max-video-preview:-1"},"canonical":"https:\/\/apartments-klara.com\/hr\/viganj\/","og_locale":"hr_HR","og_type":"article","og_title":"Viganj - Apartments Klara Pelje\u0161ac","og_description":"Viganj is located on the southern side of the Pelje\u0161ac peninsula. If you decide to go surfing in Viganj, there are as many as three windsurfing and kitesurfing schools here...","og_url":"https:\/\/apartments-klara.com\/hr\/viganj\/","og_site_name":"Apartments Klara Pelje\u0161ac","article_modified_time":"2022-12-20T12:06:19+00:00","twitter_card":"summary_large_image","twitter_misc":{"Procijenjeno vrijeme \u010ditanja":"2 minute"},"schema":{"@context":"https:\/\/schema.org","@graph":[{"@type":"WebPage","@id":"https:\/\/apartments-klara.com\/viganj\/","url":"https:\/\/apartments-klara.com\/viganj\/","name":"Viganj - Apartments Klara Pelje\u0161ac","isPartOf":{"@id":"https:\/\/apartments-klara.com\/#website"},"datePublished":"2022-11-24T09:58:11+00:00","dateModified":"2022-12-20T12:06:19+00:00","description":"Viganj is located on the southern side of the Pelje\u0161ac peninsula. If you decide to go surfing in Viganj, there are as many as three windsurfing and kitesurfing schools here...","breadcrumb":{"@id":"https:\/\/apartments-klara.com\/viganj\/#breadcrumb"},"inLanguage":"hr","potentialAction":[{"@type":"ReadAction","target":["https:\/\/apartments-klara.com\/viganj\/"]}]},{"@type":"BreadcrumbList","@id":"https:\/\/apartments-klara.com\/viganj\/#breadcrumb","itemListElement":[{"@type":"ListItem","position":1,"name":"Home","item":"https:\/\/apartments-klara.com\/"},{"@type":"ListItem","position":2,"name":"Viganj"}]},{"@type":"WebSite","@id":"https:\/\/apartments-klara.com\/#website","url":"https:\/\/apartments-klara.com\/","name":"Apartments Klara Pelje\u0161ac","description":"Apartments Viganj Pelje\u0161ac","publisher":{"@id":"https:\/\/apartments-klara.com\/#organization"},"potentialAction":[{"@type":"SearchAction","target":{"@type":"EntryPoint","urlTemplate":"https:\/\/apartments-klara.com\/?s={search_term_string}"},"query-input":"required name=search_term_string"}],"inLanguage":"hr"},{"@type":"Organization","@id":"https:\/\/apartments-klara.com\/#organization","name":"Apartments Klara Pelje\u0161ac","url":"https:\/\/apartments-klara.com\/","logo":{"@type":"ImageObject","inLanguage":"hr","@id":"https:\/\/apartments-klara.com\/#\/schema\/logo\/image\/","url":"https:\/\/apartments-klara.com\/wp-content\/uploads\/2022\/12\/Apartments-Klara-Logo-1.webp","contentUrl":"https:\/\/apartments-klara.com\/wp-content\/uploads\/2022\/12\/Apartments-Klara-Logo-1.webp","width":221,"height":190,"caption":"Apartments Klara Pelje\u0161ac"},"image":{"@id":"https:\/\/apartments-klara.com\/#\/schema\/logo\/image\/"}}]}},"_links":{"self":[{"href":"https:\/\/apartments-klara.com\/hr\/wp-json\/wp\/v2\/pages\/725"}],"collection":[{"href":"https:\/\/apartments-klara.com\/hr\/wp-json\/wp\/v2\/pages"}],"about":[{"href":"https:\/\/apartments-klara.com\/hr\/wp-json\/wp\/v2\/types\/page"}],"author":[{"embeddable":true,"href":"https:\/\/apartments-klara.com\/hr\/wp-json\/wp\/v2\/users\/1"}],"replies":[{"embeddable":true,"href":"https:\/\/apartments-klara.com\/hr\/wp-json\/wp\/v2\/comments?post=725"}],"version-history":[{"count":20,"href":"https:\/\/apartments-klara.com\/hr\/wp-json\/wp\/v2\/pages\/725\/revisions"}],"predecessor-version":[{"id":954,"href":"https:\/\/apartments-klara.com\/hr\/wp-json\/wp\/v2\/pages\/725\/revisions\/954"}],"wp:attachment":[{"href":"https:\/\/apartments-klara.com\/hr\/wp-json\/wp\/v2\/media?parent=725"}],"curies":[{"name":"wp","href":"https:\/\/api.w.org\/{rel}","templated":true}]}}